{"id":130,"date":"2014-02-19T01:49:25","date_gmt":"2014-02-18T23:49:25","guid":{"rendered":"http:\/\/claudesamuel.co.il\/?page_id=130"},"modified":"2022-11-25T11:44:40","modified_gmt":"2022-11-25T09:44:40","slug":"collections","status":"publish","type":"page","link":"https:\/\/claudesamuel.co.il\/fr\/collections\/","title":{"rendered":"Collections"},"content":{"rendered":"<h2>Se voir dans les lunettes<\/h2>\n<p>Le go\u00fbt et le sens esth\u00e9tique sont des questions d&rsquo;ordre personnel. Chacun de nous d\u00e9veloppe au cours des ann\u00e9es un style distinctif et un go\u00fbt individualis\u00e9 pr\u00e9cis repr\u00e9sentant notre identit\u00e9 et notre credo. Tous les matins nous ouvrons notre armoire et d\u00e9cidons \u00e0 quoi nous allons ressembler ces prochaines heures. Nous d\u00e9ambulons dans le monde, achetons des chaussures, des sacs en bandouli\u00e8re, des cadeaux pour notre conjoint et nos amis, un livre int\u00e9ressant. Mais quand on en vient aux lunettes \u2013 peut-\u00eatre parce qu&rsquo;elles nous forcent \u00e0 poser sur nous un regard scrutateur qui fait ressortir chaque d\u00e9tail pendant qu&rsquo;on les essaie, il est difficile pour beaucoup de nous de savoir \u00e0 quoi nous voulons ressembler. C&rsquo;est le moment o\u00f9 la plupart d&rsquo;entre nous avons besoin d&rsquo;une l\u00e9g\u00e8re aide et d&rsquo;un bon conseil.<\/p>\n<p>En plus de ses mod\u00e8les originaux de la marque \u00ab\u00a0Claude Samuel\u00a0\u00bb, nous s\u00e9lectionnons avec soin des mod\u00e8les de lunettes des meilleures marques du monde et vous pr\u00e9sentons une s\u00e9lection riche et pr\u00e9cise, comprenant un large \u00e9ventail de styles et de go\u00fbts qui ont tous une chose en commun, la capacit\u00e9 d&rsquo;\u00eatre vous-m\u00eame et de ressembler \u00e0 la personne que vous \u00eates. Chez nous les lunettes ne sont pas juste des instruments de vision mais aussi un moyen de montrer votre go\u00fbt personnel, votre sens esth\u00e9tique particulier.<\/p>\n","protected":false},"excerpt":{"rendered":"<p>Se voir dans les lunettes Le go\u00fbt et le sens esth\u00e9tique sont des questions d&rsquo;ordre personnel. Chacun de nous d\u00e9veloppe au cours des ann\u00e9es un style distinctif et un go\u00fbt individualis\u00e9 pr\u00e9cis repr\u00e9sentant notre identit\u00e9 et notre credo. Tous les matins nous ouvrons notre armoire et d\u00e9cidons \u00e0 quoi nous allons ressembler ces prochaines heures. [&hellip;]<\/p>\n","protected":false},"author":1,"featured_media":0,"parent":0,"menu_order":6,"comment_status":"open","ping_status":"open","template":"template-collections.php","meta":{"footnotes":""},"class_list":["post-130","page","type-page","status-publish","hentry"],"_links":{"self":[{"href":"https:\/\/claudesamuel.co.il\/fr\/wp-json\/wp\/v2\/pages\/130","targetHints":{"allow":["GET"]}}],"collection":[{"href":"https:\/\/claudesamuel.co.il\/fr\/wp-json\/wp\/v2\/pages"}],"about":[{"href":"https:\/\/claudesamuel.co.il\/fr\/wp-json\/wp\/v2\/types\/page"}],"author":[{"embeddable":true,"href":"https:\/\/claudesamuel.co.il\/fr\/wp-json\/wp\/v2\/users\/1"}],"replies":[{"embeddable":true,"href":"https:\/\/claudesamuel.co.il\/fr\/wp-json\/wp\/v2\/comments?post=130"}],"version-history":[{"count":9,"href":"https:\/\/claudesamuel.co.il\/fr\/wp-json\/wp\/v2\/pages\/130\/revisions"}],"predecessor-version":[{"id":131,"href":"https:\/\/claudesamuel.co.il\/fr\/wp-json\/wp\/v2\/pages\/130\/revisions\/131"}],"wp:attachment":[{"href":"https:\/\/claudesamuel.co.il\/fr\/wp-json\/wp\/v2\/media?parent=130"}],"curies":[{"name":"wp","href":"https:\/\/api.w.org\/{rel}","templated":true}]}}